{"id":617,"date":"2024-12-14T14:16:54","date_gmt":"2024-12-14T13:16:54","guid":{"rendered":"https:\/\/www.alphatax.ch\/?page_id=617"},"modified":"2024-12-19T14:47:24","modified_gmt":"2024-12-19T13:47:24","slug":"success-story-spuerkeess","status":"publish","type":"page","link":"https:\/\/www.alphatax.ch\/da\/success-story-spuerkeess\/","title":{"rendered":"Success Story: Spuerkeess"},"content":{"rendered":"","protected":false},"excerpt":{"rendered":"","protected":false},"author":4,"featured_media":0,"parent":0,"menu_order":201,"comment_status":"closed","ping_status":"closed","template":"","meta":{"footnotes":""},"categories":[],"tags":[],"class_list":["post-617","page","type-page","status-publish","hentry"],"yoast_head":"<!-- This site is optimized with the Yoast SEO plugin v27.3 - https:\/\/yoast.com\/product\/yoast-seo-wordpress\/ -->\n<title>AlphaTax - Success Story Spuerkeess - Effektiv Rapportering<\/title>\n<meta name=\"description\" content=\"L\u00e6s, hvordan AlphaTax underst\u00f8tter Spuerkeess med effektive l\u00f8sninger til skatterapportering og optimerer processerne.\" \/>\n<meta name=\"robots\" content=\"index, follow, max-snippet:-1, max-image-preview:large, max-video-preview:-1\" \/>\n<link rel=\"canonical\" href=\"https:\/\/www.alphatax.ch\/da\/success-story-spuerkeess\/\" \/>\n<meta property=\"og:locale\" content=\"da_DK\" \/>\n<meta property=\"og:type\" content=\"article\" \/>\n<meta property=\"og:title\" content=\"AlphaTax - Success Story Spuerkeess - Effektiv Rapportering\" \/>\n<meta property=\"og:description\" content=\"L\u00e6s, hvordan AlphaTax underst\u00f8tter Spuerkeess med effektive l\u00f8sninger til skatterapportering og optimerer processerne.\" \/>\n<meta property=\"og:url\" content=\"https:\/\/www.alphatax.ch\/da\/success-story-spuerkeess\/\" \/>\n<meta property=\"og:site_name\" content=\"AlphaTax CH\" \/>\n<meta property=\"article:modified_time\" content=\"2024-12-19T13:47:24+00:00\" \/>\n<meta name=\"twitter:card\" content=\"summary_large_image\" \/>\n<meta name=\"twitter:label1\" content=\"Estimeret l\u00e6setid\" \/>\n\t<meta name=\"twitter:data1\" content=\"3 minutter\" \/>\n<script type=\"application\/ld+json\" class=\"yoast-schema-graph\">{\"@context\":\"https:\\\/\\\/schema.org\",\"@graph\":[{\"@type\":\"WebPage\",\"@id\":\"https:\\\/\\\/www.alphatax.ch\\\/da\\\/success-story-spuerkeess\\\/\",\"url\":\"https:\\\/\\\/www.alphatax.ch\\\/da\\\/success-story-spuerkeess\\\/\",\"name\":\"AlphaTax - Success Story Spuerkeess - Effektiv Rapportering\",\"isPartOf\":{\"@id\":\"https:\\\/\\\/www.alphatax.ch\\\/da\\\/#website\"},\"datePublished\":\"2024-12-14T13:16:54+00:00\",\"dateModified\":\"2024-12-19T13:47:24+00:00\",\"description\":\"L\u00e6s, hvordan AlphaTax underst\u00f8tter Spuerkeess med effektive l\u00f8sninger til skatterapportering og optimerer processerne.\",\"breadcrumb\":{\"@id\":\"https:\\\/\\\/www.alphatax.ch\\\/da\\\/success-story-spuerkeess\\\/#breadcrumb\"},\"inLanguage\":\"da-DK\",\"potentialAction\":[{\"@type\":\"ReadAction\",\"target\":[\"https:\\\/\\\/www.alphatax.ch\\\/da\\\/success-story-spuerkeess\\\/\"]}]},{\"@type\":\"BreadcrumbList\",\"@id\":\"https:\\\/\\\/www.alphatax.ch\\\/da\\\/success-story-spuerkeess\\\/#breadcrumb\",\"itemListElement\":[{\"@type\":\"ListItem\",\"position\":1,\"name\":\"Startseite\",\"item\":\"https:\\\/\\\/www.alphatax.ch\\\/da\\\/\"},{\"@type\":\"ListItem\",\"position\":2,\"name\":\"Success Story: Spuerkeess\"}]},{\"@type\":\"WebSite\",\"@id\":\"https:\\\/\\\/www.alphatax.ch\\\/da\\\/#website\",\"url\":\"https:\\\/\\\/www.alphatax.ch\\\/da\\\/\",\"name\":\"AlphaTax CH\",\"description\":\"\",\"potentialAction\":[{\"@type\":\"SearchAction\",\"target\":{\"@type\":\"EntryPoint\",\"urlTemplate\":\"https:\\\/\\\/www.alphatax.ch\\\/da\\\/?s={search_term_string}\"},\"query-input\":{\"@type\":\"PropertyValueSpecification\",\"valueRequired\":true,\"valueName\":\"search_term_string\"}}],\"inLanguage\":\"da-DK\"}]}<\/script>\n<!-- \/ Yoast SEO plugin. -->","yoast_head_json":{"title":"AlphaTax - Success Story Spuerkeess - Effektiv Rapportering","description":"L\u00e6s, hvordan AlphaTax underst\u00f8tter Spuerkeess med effektive l\u00f8sninger til skatterapportering og optimerer processerne.","robots":{"index":"index","follow":"follow","max-snippet":"max-snippet:-1","max-image-preview":"max-image-preview:large","max-video-preview":"max-video-preview:-1"},"canonical":"https:\/\/www.alphatax.ch\/da\/success-story-spuerkeess\/","og_locale":"da_DK","og_type":"article","og_title":"AlphaTax - Success Story Spuerkeess - Effektiv Rapportering","og_description":"L\u00e6s, hvordan AlphaTax underst\u00f8tter Spuerkeess med effektive l\u00f8sninger til skatterapportering og optimerer processerne.","og_url":"https:\/\/www.alphatax.ch\/da\/success-story-spuerkeess\/","og_site_name":"AlphaTax CH","article_modified_time":"2024-12-19T13:47:24+00:00","twitter_card":"summary_large_image","twitter_misc":{"Estimeret l\u00e6setid":"3 minutter"},"schema":{"@context":"https:\/\/schema.org","@graph":[{"@type":"WebPage","@id":"https:\/\/www.alphatax.ch\/da\/success-story-spuerkeess\/","url":"https:\/\/www.alphatax.ch\/da\/success-story-spuerkeess\/","name":"AlphaTax - Success Story Spuerkeess - Effektiv Rapportering","isPartOf":{"@id":"https:\/\/www.alphatax.ch\/da\/#website"},"datePublished":"2024-12-14T13:16:54+00:00","dateModified":"2024-12-19T13:47:24+00:00","description":"L\u00e6s, hvordan AlphaTax underst\u00f8tter Spuerkeess med effektive l\u00f8sninger til skatterapportering og optimerer processerne.","breadcrumb":{"@id":"https:\/\/www.alphatax.ch\/da\/success-story-spuerkeess\/#breadcrumb"},"inLanguage":"da-DK","potentialAction":[{"@type":"ReadAction","target":["https:\/\/www.alphatax.ch\/da\/success-story-spuerkeess\/"]}]},{"@type":"BreadcrumbList","@id":"https:\/\/www.alphatax.ch\/da\/success-story-spuerkeess\/#breadcrumb","itemListElement":[{"@type":"ListItem","position":1,"name":"Startseite","item":"https:\/\/www.alphatax.ch\/da\/"},{"@type":"ListItem","position":2,"name":"Success Story: Spuerkeess"}]},{"@type":"WebSite","@id":"https:\/\/www.alphatax.ch\/da\/#website","url":"https:\/\/www.alphatax.ch\/da\/","name":"AlphaTax CH","description":"","potentialAction":[{"@type":"SearchAction","target":{"@type":"EntryPoint","urlTemplate":"https:\/\/www.alphatax.ch\/da\/?s={search_term_string}"},"query-input":{"@type":"PropertyValueSpecification","valueRequired":true,"valueName":"search_term_string"}}],"inLanguage":"da-DK"}]}},"_links":{"self":[{"href":"https:\/\/www.alphatax.ch\/da\/wp-json\/wp\/v2\/pages\/617","targetHints":{"allow":["GET"]}}],"collection":[{"href":"https:\/\/www.alphatax.ch\/da\/wp-json\/wp\/v2\/pages"}],"about":[{"href":"https:\/\/www.alphatax.ch\/da\/wp-json\/wp\/v2\/types\/page"}],"author":[{"embeddable":true,"href":"https:\/\/www.alphatax.ch\/da\/wp-json\/wp\/v2\/users\/4"}],"replies":[{"embeddable":true,"href":"https:\/\/www.alphatax.ch\/da\/wp-json\/wp\/v2\/comments?post=617"}],"version-history":[{"count":1,"href":"https:\/\/www.alphatax.ch\/da\/wp-json\/wp\/v2\/pages\/617\/revisions"}],"predecessor-version":[{"id":618,"href":"https:\/\/www.alphatax.ch\/da\/wp-json\/wp\/v2\/pages\/617\/revisions\/618"}],"wp:attachment":[{"href":"https:\/\/www.alphatax.ch\/da\/wp-json\/wp\/v2\/media?parent=617"}],"wp:term":[{"taxonomy":"category","embeddable":true,"href":"https:\/\/www.alphatax.ch\/da\/wp-json\/wp\/v2\/categories?post=617"},{"taxonomy":"post_tag","embeddable":true,"href":"https:\/\/www.alphatax.ch\/da\/wp-json\/wp\/v2\/tags?post=617"}],"curies":[{"name":"wp","href":"https:\/\/api.w.org\/{rel}","templated":true}]}}