{"id":700,"date":"2024-12-14T00:30:36","date_gmt":"2024-12-13T23:30:36","guid":{"rendered":"https:\/\/www.alphatax.ch\/?page_id=700"},"modified":"2024-12-19T15:08:10","modified_gmt":"2024-12-19T14:08:10","slug":"reporting-reglementaire","status":"publish","type":"page","link":"https:\/\/www.alphatax.ch\/fr\/services\/reporting-reglementaire\/","title":{"rendered":"Reporting r\u00e9glementaire"},"content":{"rendered":"","protected":false},"excerpt":{"rendered":"","protected":false},"author":4,"featured_media":0,"parent":691,"menu_order":4,"comment_status":"closed","ping_status":"closed","template":"","meta":{"footnotes":""},"categories":[],"tags":[],"class_list":["post-700","page","type-page","status-publish","hentry"],"yoast_head":"<!-- This site is optimized with the Yoast SEO plugin v27.3 - https:\/\/yoast.com\/product\/yoast-seo-wordpress\/ -->\n<title>Reporting r\u00e9glementaire - AlphaTax CH<\/title>\n<meta name=\"description\" content=\"Reporting r\u00e9glementaire s\u00e9curis\u00e9 et conforme pour les banques. AlphaTax garantit le respect de toutes les r\u00e9glementations et normes.\" \/>\n<meta name=\"robots\" content=\"index, follow, max-snippet:-1, max-image-preview:large, max-video-preview:-1\" \/>\n<link rel=\"canonical\" href=\"https:\/\/www.alphatax.ch\/fr\/services\/reporting-reglementaire\/\" \/>\n<meta property=\"og:locale\" content=\"fr_FR\" \/>\n<meta property=\"og:type\" content=\"article\" \/>\n<meta property=\"og:title\" content=\"Reporting r\u00e9glementaire - AlphaTax CH\" \/>\n<meta property=\"og:description\" content=\"Reporting r\u00e9glementaire s\u00e9curis\u00e9 et conforme pour les banques. AlphaTax garantit le respect de toutes les r\u00e9glementations et normes.\" \/>\n<meta property=\"og:url\" content=\"https:\/\/www.alphatax.ch\/fr\/services\/reporting-reglementaire\/\" \/>\n<meta property=\"og:site_name\" content=\"AlphaTax CH\" \/>\n<meta property=\"article:modified_time\" content=\"2024-12-19T14:08:10+00:00\" \/>\n<meta name=\"twitter:card\" content=\"summary_large_image\" \/>\n<meta name=\"twitter:label1\" content=\"Dur\u00e9e de lecture estim\u00e9e\" \/>\n\t<meta name=\"twitter:data1\" content=\"1 minute\" \/>\n<script type=\"application\/ld+json\" class=\"yoast-schema-graph\">{\"@context\":\"https:\\\/\\\/schema.org\",\"@graph\":[{\"@type\":\"WebPage\",\"@id\":\"https:\\\/\\\/www.alphatax.ch\\\/fr\\\/services\\\/reporting-reglementaire\\\/\",\"url\":\"https:\\\/\\\/www.alphatax.ch\\\/fr\\\/services\\\/reporting-reglementaire\\\/\",\"name\":\"Reporting r\u00e9glementaire - AlphaTax CH\",\"isPartOf\":{\"@id\":\"https:\\\/\\\/www.alphatax.ch\\\/fr\\\/#website\"},\"datePublished\":\"2024-12-13T23:30:36+00:00\",\"dateModified\":\"2024-12-19T14:08:10+00:00\",\"description\":\"Reporting r\u00e9glementaire s\u00e9curis\u00e9 et conforme pour les banques. AlphaTax garantit le respect de toutes les r\u00e9glementations et normes.\",\"breadcrumb\":{\"@id\":\"https:\\\/\\\/www.alphatax.ch\\\/fr\\\/services\\\/reporting-reglementaire\\\/#breadcrumb\"},\"inLanguage\":\"fr-FR\",\"potentialAction\":[{\"@type\":\"ReadAction\",\"target\":[\"https:\\\/\\\/www.alphatax.ch\\\/fr\\\/services\\\/reporting-reglementaire\\\/\"]}]},{\"@type\":\"BreadcrumbList\",\"@id\":\"https:\\\/\\\/www.alphatax.ch\\\/fr\\\/services\\\/reporting-reglementaire\\\/#breadcrumb\",\"itemListElement\":[{\"@type\":\"ListItem\",\"position\":1,\"name\":\"Startseite\",\"item\":\"https:\\\/\\\/www.alphatax.ch\\\/fr\\\/\"},{\"@type\":\"ListItem\",\"position\":2,\"name\":\"Services\",\"item\":\"https:\\\/\\\/www.alphatax.ch\\\/fr\\\/services\\\/\"},{\"@type\":\"ListItem\",\"position\":3,\"name\":\"Reporting r\u00e9glementaire\"}]},{\"@type\":\"WebSite\",\"@id\":\"https:\\\/\\\/www.alphatax.ch\\\/fr\\\/#website\",\"url\":\"https:\\\/\\\/www.alphatax.ch\\\/fr\\\/\",\"name\":\"AlphaTax CH\",\"description\":\"\",\"potentialAction\":[{\"@type\":\"SearchAction\",\"target\":{\"@type\":\"EntryPoint\",\"urlTemplate\":\"https:\\\/\\\/www.alphatax.ch\\\/fr\\\/?s={search_term_string}\"},\"query-input\":{\"@type\":\"PropertyValueSpecification\",\"valueRequired\":true,\"valueName\":\"search_term_string\"}}],\"inLanguage\":\"fr-FR\"}]}<\/script>\n<!-- \/ Yoast SEO plugin. -->","yoast_head_json":{"title":"Reporting r\u00e9glementaire - AlphaTax CH","description":"Reporting r\u00e9glementaire s\u00e9curis\u00e9 et conforme pour les banques. AlphaTax garantit le respect de toutes les r\u00e9glementations et normes.","robots":{"index":"index","follow":"follow","max-snippet":"max-snippet:-1","max-image-preview":"max-image-preview:large","max-video-preview":"max-video-preview:-1"},"canonical":"https:\/\/www.alphatax.ch\/fr\/services\/reporting-reglementaire\/","og_locale":"fr_FR","og_type":"article","og_title":"Reporting r\u00e9glementaire - AlphaTax CH","og_description":"Reporting r\u00e9glementaire s\u00e9curis\u00e9 et conforme pour les banques. AlphaTax garantit le respect de toutes les r\u00e9glementations et normes.","og_url":"https:\/\/www.alphatax.ch\/fr\/services\/reporting-reglementaire\/","og_site_name":"AlphaTax CH","article_modified_time":"2024-12-19T14:08:10+00:00","twitter_card":"summary_large_image","twitter_misc":{"Dur\u00e9e de lecture estim\u00e9e":"1 minute"},"schema":{"@context":"https:\/\/schema.org","@graph":[{"@type":"WebPage","@id":"https:\/\/www.alphatax.ch\/fr\/services\/reporting-reglementaire\/","url":"https:\/\/www.alphatax.ch\/fr\/services\/reporting-reglementaire\/","name":"Reporting r\u00e9glementaire - AlphaTax CH","isPartOf":{"@id":"https:\/\/www.alphatax.ch\/fr\/#website"},"datePublished":"2024-12-13T23:30:36+00:00","dateModified":"2024-12-19T14:08:10+00:00","description":"Reporting r\u00e9glementaire s\u00e9curis\u00e9 et conforme pour les banques. AlphaTax garantit le respect de toutes les r\u00e9glementations et normes.","breadcrumb":{"@id":"https:\/\/www.alphatax.ch\/fr\/services\/reporting-reglementaire\/#breadcrumb"},"inLanguage":"fr-FR","potentialAction":[{"@type":"ReadAction","target":["https:\/\/www.alphatax.ch\/fr\/services\/reporting-reglementaire\/"]}]},{"@type":"BreadcrumbList","@id":"https:\/\/www.alphatax.ch\/fr\/services\/reporting-reglementaire\/#breadcrumb","itemListElement":[{"@type":"ListItem","position":1,"name":"Startseite","item":"https:\/\/www.alphatax.ch\/fr\/"},{"@type":"ListItem","position":2,"name":"Services","item":"https:\/\/www.alphatax.ch\/fr\/services\/"},{"@type":"ListItem","position":3,"name":"Reporting r\u00e9glementaire"}]},{"@type":"WebSite","@id":"https:\/\/www.alphatax.ch\/fr\/#website","url":"https:\/\/www.alphatax.ch\/fr\/","name":"AlphaTax CH","description":"","potentialAction":[{"@type":"SearchAction","target":{"@type":"EntryPoint","urlTemplate":"https:\/\/www.alphatax.ch\/fr\/?s={search_term_string}"},"query-input":{"@type":"PropertyValueSpecification","valueRequired":true,"valueName":"search_term_string"}}],"inLanguage":"fr-FR"}]}},"_links":{"self":[{"href":"https:\/\/www.alphatax.ch\/fr\/wp-json\/wp\/v2\/pages\/700","targetHints":{"allow":["GET"]}}],"collection":[{"href":"https:\/\/www.alphatax.ch\/fr\/wp-json\/wp\/v2\/pages"}],"about":[{"href":"https:\/\/www.alphatax.ch\/fr\/wp-json\/wp\/v2\/types\/page"}],"author":[{"embeddable":true,"href":"https:\/\/www.alphatax.ch\/fr\/wp-json\/wp\/v2\/users\/4"}],"replies":[{"embeddable":true,"href":"https:\/\/www.alphatax.ch\/fr\/wp-json\/wp\/v2\/comments?post=700"}],"version-history":[{"count":1,"href":"https:\/\/www.alphatax.ch\/fr\/wp-json\/wp\/v2\/pages\/700\/revisions"}],"predecessor-version":[{"id":701,"href":"https:\/\/www.alphatax.ch\/fr\/wp-json\/wp\/v2\/pages\/700\/revisions\/701"}],"up":[{"embeddable":true,"href":"https:\/\/www.alphatax.ch\/fr\/wp-json\/wp\/v2\/pages\/691"}],"wp:attachment":[{"href":"https:\/\/www.alphatax.ch\/fr\/wp-json\/wp\/v2\/media?parent=700"}],"wp:term":[{"taxonomy":"category","embeddable":true,"href":"https:\/\/www.alphatax.ch\/fr\/wp-json\/wp\/v2\/categories?post=700"},{"taxonomy":"post_tag","embeddable":true,"href":"https:\/\/www.alphatax.ch\/fr\/wp-json\/wp\/v2\/tags?post=700"}],"curies":[{"name":"wp","href":"https:\/\/api.w.org\/{rel}","templated":true}]}}