{"id":838,"date":"2024-12-15T00:17:09","date_gmt":"2024-12-14T23:17:09","guid":{"rendered":"https:\/\/www.alphatax.ch\/?page_id=838"},"modified":"2024-12-19T15:29:12","modified_gmt":"2024-12-19T14:29:12","slug":"success-story-raiffeisen","status":"publish","type":"page","link":"https:\/\/www.alphatax.ch\/no\/success-story-raiffeisen\/","title":{"rendered":"Success Story: Raiffeisen"},"content":{"rendered":"","protected":false},"excerpt":{"rendered":"","protected":false},"author":4,"featured_media":0,"parent":0,"menu_order":207,"comment_status":"closed","ping_status":"closed","template":"","meta":{"footnotes":""},"categories":[],"tags":[],"class_list":["post-838","page","type-page","status-publish","hentry"],"yoast_head":"<!-- This site is optimized with the Yoast SEO plugin v27.3 - https:\/\/yoast.com\/product\/yoast-seo-wordpress\/ -->\n<title>Success Story: Raiffeisen - AlphaTax CH<\/title>\n<meta name=\"description\" content=\"Hvordan AlphaTax st\u00f8tter Raiffeisen-bankene med p\u00e5litelige skatterapporter og gj\u00f8r prosessene mer effektive.\" \/>\n<meta name=\"robots\" content=\"index, follow, max-snippet:-1, max-image-preview:large, max-video-preview:-1\" \/>\n<link rel=\"canonical\" href=\"https:\/\/www.alphatax.ch\/no\/success-story-raiffeisen\/\" \/>\n<meta property=\"og:locale\" content=\"nb_NO\" \/>\n<meta property=\"og:type\" content=\"article\" \/>\n<meta property=\"og:title\" content=\"Success Story: Raiffeisen - AlphaTax CH\" \/>\n<meta property=\"og:description\" content=\"Hvordan AlphaTax st\u00f8tter Raiffeisen-bankene med p\u00e5litelige skatterapporter og gj\u00f8r prosessene mer effektive.\" \/>\n<meta property=\"og:url\" content=\"https:\/\/www.alphatax.ch\/no\/success-story-raiffeisen\/\" \/>\n<meta property=\"og:site_name\" content=\"AlphaTax CH\" \/>\n<meta property=\"article:modified_time\" content=\"2024-12-19T14:29:12+00:00\" \/>\n<meta name=\"twitter:card\" content=\"summary_large_image\" \/>\n<meta name=\"twitter:label1\" content=\"Ansl. lesetid\" \/>\n\t<meta name=\"twitter:data1\" content=\"4 minutter\" \/>\n<script type=\"application\/ld+json\" class=\"yoast-schema-graph\">{\"@context\":\"https:\\\/\\\/schema.org\",\"@graph\":[{\"@type\":\"WebPage\",\"@id\":\"https:\\\/\\\/www.alphatax.ch\\\/no\\\/success-story-raiffeisen\\\/\",\"url\":\"https:\\\/\\\/www.alphatax.ch\\\/no\\\/success-story-raiffeisen\\\/\",\"name\":\"Success Story: Raiffeisen - AlphaTax CH\",\"isPartOf\":{\"@id\":\"https:\\\/\\\/www.alphatax.ch\\\/no\\\/#website\"},\"datePublished\":\"2024-12-14T23:17:09+00:00\",\"dateModified\":\"2024-12-19T14:29:12+00:00\",\"description\":\"Hvordan AlphaTax st\u00f8tter Raiffeisen-bankene med p\u00e5litelige skatterapporter og gj\u00f8r prosessene mer effektive.\",\"breadcrumb\":{\"@id\":\"https:\\\/\\\/www.alphatax.ch\\\/no\\\/success-story-raiffeisen\\\/#breadcrumb\"},\"inLanguage\":\"nb-NO\",\"potentialAction\":[{\"@type\":\"ReadAction\",\"target\":[\"https:\\\/\\\/www.alphatax.ch\\\/no\\\/success-story-raiffeisen\\\/\"]}]},{\"@type\":\"BreadcrumbList\",\"@id\":\"https:\\\/\\\/www.alphatax.ch\\\/no\\\/success-story-raiffeisen\\\/#breadcrumb\",\"itemListElement\":[{\"@type\":\"ListItem\",\"position\":1,\"name\":\"Startseite\",\"item\":\"https:\\\/\\\/www.alphatax.ch\\\/no\\\/\"},{\"@type\":\"ListItem\",\"position\":2,\"name\":\"Success Story: Raiffeisen\"}]},{\"@type\":\"WebSite\",\"@id\":\"https:\\\/\\\/www.alphatax.ch\\\/no\\\/#website\",\"url\":\"https:\\\/\\\/www.alphatax.ch\\\/no\\\/\",\"name\":\"AlphaTax CH\",\"description\":\"\",\"potentialAction\":[{\"@type\":\"SearchAction\",\"target\":{\"@type\":\"EntryPoint\",\"urlTemplate\":\"https:\\\/\\\/www.alphatax.ch\\\/no\\\/?s={search_term_string}\"},\"query-input\":{\"@type\":\"PropertyValueSpecification\",\"valueRequired\":true,\"valueName\":\"search_term_string\"}}],\"inLanguage\":\"nb-NO\"}]}<\/script>\n<!-- \/ Yoast SEO plugin. -->","yoast_head_json":{"title":"Success Story: Raiffeisen - AlphaTax CH","description":"Hvordan AlphaTax st\u00f8tter Raiffeisen-bankene med p\u00e5litelige skatterapporter og gj\u00f8r prosessene mer effektive.","robots":{"index":"index","follow":"follow","max-snippet":"max-snippet:-1","max-image-preview":"max-image-preview:large","max-video-preview":"max-video-preview:-1"},"canonical":"https:\/\/www.alphatax.ch\/no\/success-story-raiffeisen\/","og_locale":"nb_NO","og_type":"article","og_title":"Success Story: Raiffeisen - AlphaTax CH","og_description":"Hvordan AlphaTax st\u00f8tter Raiffeisen-bankene med p\u00e5litelige skatterapporter og gj\u00f8r prosessene mer effektive.","og_url":"https:\/\/www.alphatax.ch\/no\/success-story-raiffeisen\/","og_site_name":"AlphaTax CH","article_modified_time":"2024-12-19T14:29:12+00:00","twitter_card":"summary_large_image","twitter_misc":{"Ansl. lesetid":"4 minutter"},"schema":{"@context":"https:\/\/schema.org","@graph":[{"@type":"WebPage","@id":"https:\/\/www.alphatax.ch\/no\/success-story-raiffeisen\/","url":"https:\/\/www.alphatax.ch\/no\/success-story-raiffeisen\/","name":"Success Story: Raiffeisen - AlphaTax CH","isPartOf":{"@id":"https:\/\/www.alphatax.ch\/no\/#website"},"datePublished":"2024-12-14T23:17:09+00:00","dateModified":"2024-12-19T14:29:12+00:00","description":"Hvordan AlphaTax st\u00f8tter Raiffeisen-bankene med p\u00e5litelige skatterapporter og gj\u00f8r prosessene mer effektive.","breadcrumb":{"@id":"https:\/\/www.alphatax.ch\/no\/success-story-raiffeisen\/#breadcrumb"},"inLanguage":"nb-NO","potentialAction":[{"@type":"ReadAction","target":["https:\/\/www.alphatax.ch\/no\/success-story-raiffeisen\/"]}]},{"@type":"BreadcrumbList","@id":"https:\/\/www.alphatax.ch\/no\/success-story-raiffeisen\/#breadcrumb","itemListElement":[{"@type":"ListItem","position":1,"name":"Startseite","item":"https:\/\/www.alphatax.ch\/no\/"},{"@type":"ListItem","position":2,"name":"Success Story: Raiffeisen"}]},{"@type":"WebSite","@id":"https:\/\/www.alphatax.ch\/no\/#website","url":"https:\/\/www.alphatax.ch\/no\/","name":"AlphaTax CH","description":"","potentialAction":[{"@type":"SearchAction","target":{"@type":"EntryPoint","urlTemplate":"https:\/\/www.alphatax.ch\/no\/?s={search_term_string}"},"query-input":{"@type":"PropertyValueSpecification","valueRequired":true,"valueName":"search_term_string"}}],"inLanguage":"nb-NO"}]}},"_links":{"self":[{"href":"https:\/\/www.alphatax.ch\/no\/wp-json\/wp\/v2\/pages\/838","targetHints":{"allow":["GET"]}}],"collection":[{"href":"https:\/\/www.alphatax.ch\/no\/wp-json\/wp\/v2\/pages"}],"about":[{"href":"https:\/\/www.alphatax.ch\/no\/wp-json\/wp\/v2\/types\/page"}],"author":[{"embeddable":true,"href":"https:\/\/www.alphatax.ch\/no\/wp-json\/wp\/v2\/users\/4"}],"replies":[{"embeddable":true,"href":"https:\/\/www.alphatax.ch\/no\/wp-json\/wp\/v2\/comments?post=838"}],"version-history":[{"count":2,"href":"https:\/\/www.alphatax.ch\/no\/wp-json\/wp\/v2\/pages\/838\/revisions"}],"predecessor-version":[{"id":1302,"href":"https:\/\/www.alphatax.ch\/no\/wp-json\/wp\/v2\/pages\/838\/revisions\/1302"}],"wp:attachment":[{"href":"https:\/\/www.alphatax.ch\/no\/wp-json\/wp\/v2\/media?parent=838"}],"wp:term":[{"taxonomy":"category","embeddable":true,"href":"https:\/\/www.alphatax.ch\/no\/wp-json\/wp\/v2\/categories?post=838"},{"taxonomy":"post_tag","embeddable":true,"href":"https:\/\/www.alphatax.ch\/no\/wp-json\/wp\/v2\/tags?post=838"}],"curies":[{"name":"wp","href":"https:\/\/api.w.org\/{rel}","templated":true}]}}