{"id":641,"date":"2024-12-09T14:53:00","date_gmt":"2024-12-09T13:53:00","guid":{"rendered":"https:\/\/www.alphatax.ch\/?page_id=641"},"modified":"2025-01-07T10:07:09","modified_gmt":"2025-01-07T09:07:09","slug":"servicos","status":"publish","type":"page","link":"https:\/\/www.alphatax.ch\/pt-pt\/servicos\/","title":{"rendered":"Servi\u00e7os"},"content":{"rendered":"","protected":false},"excerpt":{"rendered":"","protected":false},"author":3,"featured_media":0,"parent":0,"menu_order":3,"comment_status":"closed","ping_status":"closed","template":"","meta":{"footnotes":""},"categories":[],"tags":[],"class_list":["post-641","page","type-page","status-publish","hentry"],"yoast_head":"<!-- This site is optimized with the Yoast SEO plugin v27.4 - https:\/\/yoast.com\/product\/yoast-seo-wordpress\/ -->\n<title>AlphaTax - Servi\u00e7os - Relat\u00f3rios fiscais profissionais<\/title>\n<meta name=\"description\" content=\"Descobre os nossos servi\u00e7os: Relat\u00f3rios fiscais, recupera\u00e7\u00e3o de impostos, solu\u00e7\u00f5es de reten\u00e7\u00e3o na fonte e relat\u00f3rios regulamentares.\" \/>\n<meta name=\"robots\" content=\"index, follow, max-snippet:-1, max-image-preview:large, max-video-preview:-1\" \/>\n<link rel=\"canonical\" href=\"https:\/\/www.alphatax.ch\/pt-pt\/servicos\/\" \/>\n<meta property=\"og:locale\" content=\"pt_PT\" \/>\n<meta property=\"og:type\" content=\"article\" \/>\n<meta property=\"og:title\" content=\"AlphaTax - Servi\u00e7os - Relat\u00f3rios fiscais profissionais\" \/>\n<meta property=\"og:description\" content=\"Descobre os nossos servi\u00e7os: Relat\u00f3rios fiscais, recupera\u00e7\u00e3o de impostos, solu\u00e7\u00f5es de reten\u00e7\u00e3o na fonte e relat\u00f3rios regulamentares.\" \/>\n<meta property=\"og:url\" content=\"https:\/\/www.alphatax.ch\/pt-pt\/servicos\/\" \/>\n<meta property=\"og:site_name\" content=\"AlphaTax CH\" \/>\n<meta property=\"article:modified_time\" content=\"2025-01-07T09:07:09+00:00\" \/>\n<meta name=\"twitter:card\" content=\"summary_large_image\" \/>\n<meta name=\"twitter:label1\" content=\"Tempo estimado de leitura\" \/>\n\t<meta name=\"twitter:data1\" content=\"3 minutos\" \/>\n<script type=\"application\/ld+json\" class=\"yoast-schema-graph\">{\"@context\":\"https:\\\/\\\/schema.org\",\"@graph\":[{\"@type\":\"WebPage\",\"@id\":\"https:\\\/\\\/www.alphatax.ch\\\/pt-pt\\\/servicos\\\/\",\"url\":\"https:\\\/\\\/www.alphatax.ch\\\/pt-pt\\\/servicos\\\/\",\"name\":\"AlphaTax - Servi\u00e7os - Relat\u00f3rios fiscais profissionais\",\"isPartOf\":{\"@id\":\"https:\\\/\\\/www.alphatax.ch\\\/pt-pt\\\/#website\"},\"datePublished\":\"2024-12-09T13:53:00+00:00\",\"dateModified\":\"2025-01-07T09:07:09+00:00\",\"description\":\"Descobre os nossos servi\u00e7os: Relat\u00f3rios fiscais, recupera\u00e7\u00e3o de impostos, solu\u00e7\u00f5es de reten\u00e7\u00e3o na fonte e relat\u00f3rios regulamentares.\",\"breadcrumb\":{\"@id\":\"https:\\\/\\\/www.alphatax.ch\\\/pt-pt\\\/servicos\\\/#breadcrumb\"},\"inLanguage\":\"pt-PT\",\"potentialAction\":[{\"@type\":\"ReadAction\",\"target\":[\"https:\\\/\\\/www.alphatax.ch\\\/pt-pt\\\/servicos\\\/\"]}]},{\"@type\":\"BreadcrumbList\",\"@id\":\"https:\\\/\\\/www.alphatax.ch\\\/pt-pt\\\/servicos\\\/#breadcrumb\",\"itemListElement\":[{\"@type\":\"ListItem\",\"position\":1,\"name\":\"Startseite\",\"item\":\"https:\\\/\\\/www.alphatax.ch\\\/pt-pt\\\/\"},{\"@type\":\"ListItem\",\"position\":2,\"name\":\"Servi\u00e7os\"}]},{\"@type\":\"WebSite\",\"@id\":\"https:\\\/\\\/www.alphatax.ch\\\/pt-pt\\\/#website\",\"url\":\"https:\\\/\\\/www.alphatax.ch\\\/pt-pt\\\/\",\"name\":\"AlphaTax CH\",\"description\":\"\",\"potentialAction\":[{\"@type\":\"SearchAction\",\"target\":{\"@type\":\"EntryPoint\",\"urlTemplate\":\"https:\\\/\\\/www.alphatax.ch\\\/pt-pt\\\/?s={search_term_string}\"},\"query-input\":{\"@type\":\"PropertyValueSpecification\",\"valueRequired\":true,\"valueName\":\"search_term_string\"}}],\"inLanguage\":\"pt-PT\"}]}<\/script>\n<!-- \/ Yoast SEO plugin. -->","yoast_head_json":{"title":"AlphaTax - Servi\u00e7os - Relat\u00f3rios fiscais profissionais","description":"Descobre os nossos servi\u00e7os: Relat\u00f3rios fiscais, recupera\u00e7\u00e3o de impostos, solu\u00e7\u00f5es de reten\u00e7\u00e3o na fonte e relat\u00f3rios regulamentares.","robots":{"index":"index","follow":"follow","max-snippet":"max-snippet:-1","max-image-preview":"max-image-preview:large","max-video-preview":"max-video-preview:-1"},"canonical":"https:\/\/www.alphatax.ch\/pt-pt\/servicos\/","og_locale":"pt_PT","og_type":"article","og_title":"AlphaTax - Servi\u00e7os - Relat\u00f3rios fiscais profissionais","og_description":"Descobre os nossos servi\u00e7os: Relat\u00f3rios fiscais, recupera\u00e7\u00e3o de impostos, solu\u00e7\u00f5es de reten\u00e7\u00e3o na fonte e relat\u00f3rios regulamentares.","og_url":"https:\/\/www.alphatax.ch\/pt-pt\/servicos\/","og_site_name":"AlphaTax CH","article_modified_time":"2025-01-07T09:07:09+00:00","twitter_card":"summary_large_image","twitter_misc":{"Tempo estimado de leitura":"3 minutos"},"schema":{"@context":"https:\/\/schema.org","@graph":[{"@type":"WebPage","@id":"https:\/\/www.alphatax.ch\/pt-pt\/servicos\/","url":"https:\/\/www.alphatax.ch\/pt-pt\/servicos\/","name":"AlphaTax - Servi\u00e7os - Relat\u00f3rios fiscais profissionais","isPartOf":{"@id":"https:\/\/www.alphatax.ch\/pt-pt\/#website"},"datePublished":"2024-12-09T13:53:00+00:00","dateModified":"2025-01-07T09:07:09+00:00","description":"Descobre os nossos servi\u00e7os: Relat\u00f3rios fiscais, recupera\u00e7\u00e3o de impostos, solu\u00e7\u00f5es de reten\u00e7\u00e3o na fonte e relat\u00f3rios regulamentares.","breadcrumb":{"@id":"https:\/\/www.alphatax.ch\/pt-pt\/servicos\/#breadcrumb"},"inLanguage":"pt-PT","potentialAction":[{"@type":"ReadAction","target":["https:\/\/www.alphatax.ch\/pt-pt\/servicos\/"]}]},{"@type":"BreadcrumbList","@id":"https:\/\/www.alphatax.ch\/pt-pt\/servicos\/#breadcrumb","itemListElement":[{"@type":"ListItem","position":1,"name":"Startseite","item":"https:\/\/www.alphatax.ch\/pt-pt\/"},{"@type":"ListItem","position":2,"name":"Servi\u00e7os"}]},{"@type":"WebSite","@id":"https:\/\/www.alphatax.ch\/pt-pt\/#website","url":"https:\/\/www.alphatax.ch\/pt-pt\/","name":"AlphaTax CH","description":"","potentialAction":[{"@type":"SearchAction","target":{"@type":"EntryPoint","urlTemplate":"https:\/\/www.alphatax.ch\/pt-pt\/?s={search_term_string}"},"query-input":{"@type":"PropertyValueSpecification","valueRequired":true,"valueName":"search_term_string"}}],"inLanguage":"pt-PT"}]}},"_links":{"self":[{"href":"https:\/\/www.alphatax.ch\/pt-pt\/wp-json\/wp\/v2\/pages\/641","targetHints":{"allow":["GET"]}}],"collection":[{"href":"https:\/\/www.alphatax.ch\/pt-pt\/wp-json\/wp\/v2\/pages"}],"about":[{"href":"https:\/\/www.alphatax.ch\/pt-pt\/wp-json\/wp\/v2\/types\/page"}],"author":[{"embeddable":true,"href":"https:\/\/www.alphatax.ch\/pt-pt\/wp-json\/wp\/v2\/users\/3"}],"replies":[{"embeddable":true,"href":"https:\/\/www.alphatax.ch\/pt-pt\/wp-json\/wp\/v2\/comments?post=641"}],"version-history":[{"count":4,"href":"https:\/\/www.alphatax.ch\/pt-pt\/wp-json\/wp\/v2\/pages\/641\/revisions"}],"predecessor-version":[{"id":726,"href":"https:\/\/www.alphatax.ch\/pt-pt\/wp-json\/wp\/v2\/pages\/641\/revisions\/726"}],"wp:attachment":[{"href":"https:\/\/www.alphatax.ch\/pt-pt\/wp-json\/wp\/v2\/media?parent=641"}],"wp:term":[{"taxonomy":"category","embeddable":true,"href":"https:\/\/www.alphatax.ch\/pt-pt\/wp-json\/wp\/v2\/categories?post=641"},{"taxonomy":"post_tag","embeddable":true,"href":"https:\/\/www.alphatax.ch\/pt-pt\/wp-json\/wp\/v2\/tags?post=641"}],"curies":[{"name":"wp","href":"https:\/\/api.w.org\/{rel}","templated":true}]}}