{"id":729,"date":"2024-12-14T00:11:57","date_gmt":"2024-12-13T23:11:57","guid":{"rendered":"https:\/\/www.alphatax.ch\/?page_id=729"},"modified":"2024-12-19T15:22:13","modified_gmt":"2024-12-19T14:22:13","slug":"recuperacao-de-impostos","status":"publish","type":"page","link":"https:\/\/www.alphatax.ch\/pt-pt\/servicos\/recuperacao-de-impostos\/","title":{"rendered":"Recupera\u00e7\u00e3o de impostos"},"content":{"rendered":"","protected":false},"excerpt":{"rendered":"","protected":false},"author":3,"featured_media":0,"parent":641,"menu_order":2,"comment_status":"closed","ping_status":"closed","template":"","meta":{"footnotes":""},"categories":[],"tags":[],"class_list":["post-729","page","type-page","status-publish","hentry"],"yoast_head":"<!-- This site is optimized with the Yoast SEO plugin v27.3 - https:\/\/yoast.com\/product\/yoast-seo-wordpress\/ -->\n<title>Recupera\u00e7\u00e3o de impostos - AlphaTax CH<\/title>\n<meta name=\"description\" content=\"Ajudamos voc\u00ea com a recupera\u00e7\u00e3o de impostos: processamento eficiente e reembolso r\u00e1pido dos impostos pagos em excesso.\" \/>\n<meta name=\"robots\" content=\"index, follow, max-snippet:-1, max-image-preview:large, max-video-preview:-1\" \/>\n<link rel=\"canonical\" href=\"https:\/\/www.alphatax.ch\/pt-pt\/servicos\/recuperacao-de-impostos\/\" \/>\n<meta property=\"og:locale\" content=\"pt_PT\" \/>\n<meta property=\"og:type\" content=\"article\" \/>\n<meta property=\"og:title\" content=\"Recupera\u00e7\u00e3o de impostos - AlphaTax CH\" \/>\n<meta property=\"og:description\" content=\"Ajudamos voc\u00ea com a recupera\u00e7\u00e3o de impostos: processamento eficiente e reembolso r\u00e1pido dos impostos pagos em excesso.\" \/>\n<meta property=\"og:url\" content=\"https:\/\/www.alphatax.ch\/pt-pt\/servicos\/recuperacao-de-impostos\/\" \/>\n<meta property=\"og:site_name\" content=\"AlphaTax CH\" \/>\n<meta property=\"article:modified_time\" content=\"2024-12-19T14:22:13+00:00\" \/>\n<meta name=\"twitter:card\" content=\"summary_large_image\" \/>\n<meta name=\"twitter:label1\" content=\"Tempo estimado de leitura\" \/>\n\t<meta name=\"twitter:data1\" content=\"1 minuto\" \/>\n<script type=\"application\/ld+json\" class=\"yoast-schema-graph\">{\"@context\":\"https:\\\/\\\/schema.org\",\"@graph\":[{\"@type\":\"WebPage\",\"@id\":\"https:\\\/\\\/www.alphatax.ch\\\/pt-pt\\\/servicos\\\/recuperacao-de-impostos\\\/\",\"url\":\"https:\\\/\\\/www.alphatax.ch\\\/pt-pt\\\/servicos\\\/recuperacao-de-impostos\\\/\",\"name\":\"Recupera\u00e7\u00e3o de impostos - AlphaTax CH\",\"isPartOf\":{\"@id\":\"https:\\\/\\\/www.alphatax.ch\\\/pt-pt\\\/#website\"},\"datePublished\":\"2024-12-13T23:11:57+00:00\",\"dateModified\":\"2024-12-19T14:22:13+00:00\",\"description\":\"Ajudamos voc\u00ea com a recupera\u00e7\u00e3o de impostos: processamento eficiente e reembolso r\u00e1pido dos impostos pagos em excesso.\",\"breadcrumb\":{\"@id\":\"https:\\\/\\\/www.alphatax.ch\\\/pt-pt\\\/servicos\\\/recuperacao-de-impostos\\\/#breadcrumb\"},\"inLanguage\":\"pt-PT\",\"potentialAction\":[{\"@type\":\"ReadAction\",\"target\":[\"https:\\\/\\\/www.alphatax.ch\\\/pt-pt\\\/servicos\\\/recuperacao-de-impostos\\\/\"]}]},{\"@type\":\"BreadcrumbList\",\"@id\":\"https:\\\/\\\/www.alphatax.ch\\\/pt-pt\\\/servicos\\\/recuperacao-de-impostos\\\/#breadcrumb\",\"itemListElement\":[{\"@type\":\"ListItem\",\"position\":1,\"name\":\"Startseite\",\"item\":\"https:\\\/\\\/www.alphatax.ch\\\/pt-pt\\\/\"},{\"@type\":\"ListItem\",\"position\":2,\"name\":\"Servi\u00e7os\",\"item\":\"https:\\\/\\\/www.alphatax.ch\\\/pt-pt\\\/servicos\\\/\"},{\"@type\":\"ListItem\",\"position\":3,\"name\":\"Recupera\u00e7\u00e3o de impostos\"}]},{\"@type\":\"WebSite\",\"@id\":\"https:\\\/\\\/www.alphatax.ch\\\/pt-pt\\\/#website\",\"url\":\"https:\\\/\\\/www.alphatax.ch\\\/pt-pt\\\/\",\"name\":\"AlphaTax CH\",\"description\":\"\",\"potentialAction\":[{\"@type\":\"SearchAction\",\"target\":{\"@type\":\"EntryPoint\",\"urlTemplate\":\"https:\\\/\\\/www.alphatax.ch\\\/pt-pt\\\/?s={search_term_string}\"},\"query-input\":{\"@type\":\"PropertyValueSpecification\",\"valueRequired\":true,\"valueName\":\"search_term_string\"}}],\"inLanguage\":\"pt-PT\"}]}<\/script>\n<!-- \/ Yoast SEO plugin. -->","yoast_head_json":{"title":"Recupera\u00e7\u00e3o de impostos - AlphaTax CH","description":"Ajudamos voc\u00ea com a recupera\u00e7\u00e3o de impostos: processamento eficiente e reembolso r\u00e1pido dos impostos pagos em excesso.","robots":{"index":"index","follow":"follow","max-snippet":"max-snippet:-1","max-image-preview":"max-image-preview:large","max-video-preview":"max-video-preview:-1"},"canonical":"https:\/\/www.alphatax.ch\/pt-pt\/servicos\/recuperacao-de-impostos\/","og_locale":"pt_PT","og_type":"article","og_title":"Recupera\u00e7\u00e3o de impostos - AlphaTax CH","og_description":"Ajudamos voc\u00ea com a recupera\u00e7\u00e3o de impostos: processamento eficiente e reembolso r\u00e1pido dos impostos pagos em excesso.","og_url":"https:\/\/www.alphatax.ch\/pt-pt\/servicos\/recuperacao-de-impostos\/","og_site_name":"AlphaTax CH","article_modified_time":"2024-12-19T14:22:13+00:00","twitter_card":"summary_large_image","twitter_misc":{"Tempo estimado de leitura":"1 minuto"},"schema":{"@context":"https:\/\/schema.org","@graph":[{"@type":"WebPage","@id":"https:\/\/www.alphatax.ch\/pt-pt\/servicos\/recuperacao-de-impostos\/","url":"https:\/\/www.alphatax.ch\/pt-pt\/servicos\/recuperacao-de-impostos\/","name":"Recupera\u00e7\u00e3o de impostos - AlphaTax CH","isPartOf":{"@id":"https:\/\/www.alphatax.ch\/pt-pt\/#website"},"datePublished":"2024-12-13T23:11:57+00:00","dateModified":"2024-12-19T14:22:13+00:00","description":"Ajudamos voc\u00ea com a recupera\u00e7\u00e3o de impostos: processamento eficiente e reembolso r\u00e1pido dos impostos pagos em excesso.","breadcrumb":{"@id":"https:\/\/www.alphatax.ch\/pt-pt\/servicos\/recuperacao-de-impostos\/#breadcrumb"},"inLanguage":"pt-PT","potentialAction":[{"@type":"ReadAction","target":["https:\/\/www.alphatax.ch\/pt-pt\/servicos\/recuperacao-de-impostos\/"]}]},{"@type":"BreadcrumbList","@id":"https:\/\/www.alphatax.ch\/pt-pt\/servicos\/recuperacao-de-impostos\/#breadcrumb","itemListElement":[{"@type":"ListItem","position":1,"name":"Startseite","item":"https:\/\/www.alphatax.ch\/pt-pt\/"},{"@type":"ListItem","position":2,"name":"Servi\u00e7os","item":"https:\/\/www.alphatax.ch\/pt-pt\/servicos\/"},{"@type":"ListItem","position":3,"name":"Recupera\u00e7\u00e3o de impostos"}]},{"@type":"WebSite","@id":"https:\/\/www.alphatax.ch\/pt-pt\/#website","url":"https:\/\/www.alphatax.ch\/pt-pt\/","name":"AlphaTax CH","description":"","potentialAction":[{"@type":"SearchAction","target":{"@type":"EntryPoint","urlTemplate":"https:\/\/www.alphatax.ch\/pt-pt\/?s={search_term_string}"},"query-input":{"@type":"PropertyValueSpecification","valueRequired":true,"valueName":"search_term_string"}}],"inLanguage":"pt-PT"}]}},"_links":{"self":[{"href":"https:\/\/www.alphatax.ch\/pt-pt\/wp-json\/wp\/v2\/pages\/729","targetHints":{"allow":["GET"]}}],"collection":[{"href":"https:\/\/www.alphatax.ch\/pt-pt\/wp-json\/wp\/v2\/pages"}],"about":[{"href":"https:\/\/www.alphatax.ch\/pt-pt\/wp-json\/wp\/v2\/types\/page"}],"author":[{"embeddable":true,"href":"https:\/\/www.alphatax.ch\/pt-pt\/wp-json\/wp\/v2\/users\/3"}],"replies":[{"embeddable":true,"href":"https:\/\/www.alphatax.ch\/pt-pt\/wp-json\/wp\/v2\/comments?post=729"}],"version-history":[{"count":2,"href":"https:\/\/www.alphatax.ch\/pt-pt\/wp-json\/wp\/v2\/pages\/729\/revisions"}],"predecessor-version":[{"id":845,"href":"https:\/\/www.alphatax.ch\/pt-pt\/wp-json\/wp\/v2\/pages\/729\/revisions\/845"}],"up":[{"embeddable":true,"href":"https:\/\/www.alphatax.ch\/pt-pt\/wp-json\/wp\/v2\/pages\/641"}],"wp:attachment":[{"href":"https:\/\/www.alphatax.ch\/pt-pt\/wp-json\/wp\/v2\/media?parent=729"}],"wp:term":[{"taxonomy":"category","embeddable":true,"href":"https:\/\/www.alphatax.ch\/pt-pt\/wp-json\/wp\/v2\/categories?post=729"},{"taxonomy":"post_tag","embeddable":true,"href":"https:\/\/www.alphatax.ch\/pt-pt\/wp-json\/wp\/v2\/tags?post=729"}],"curies":[{"name":"wp","href":"https:\/\/api.w.org\/{rel}","templated":true}]}}