{"id":493,"date":"2024-12-09T14:53:00","date_gmt":"2024-12-09T13:53:00","guid":{"rendered":"https:\/\/www.alphatax.ch\/?page_id=493"},"modified":"2025-01-07T10:10:55","modified_gmt":"2025-01-07T09:10:55","slug":"tjaenster","status":"publish","type":"page","link":"https:\/\/www.alphatax.ch\/sv\/tjaenster\/","title":{"rendered":"Tj\u00e4nster"},"content":{"rendered":"","protected":false},"excerpt":{"rendered":"","protected":false},"author":3,"featured_media":0,"parent":0,"menu_order":3,"comment_status":"closed","ping_status":"closed","template":"","meta":{"footnotes":""},"categories":[],"tags":[],"class_list":["post-493","page","type-page","status-publish","hentry"],"yoast_head":"<!-- This site is optimized with the Yoast SEO plugin v27.3 - https:\/\/yoast.com\/product\/yoast-seo-wordpress\/ -->\n<title>Tj\u00e4nster - AlphaTax CH<\/title>\n<meta name=\"description\" content=\"Uppt\u00e4ck v\u00e5ra tj\u00e4nster: skatte\u00e5terb\u00e4ring, l\u00f6sningar f\u00f6r k\u00e4llskatt och regulatorisk rapportering.\" \/>\n<meta name=\"robots\" content=\"index, follow, max-snippet:-1, max-image-preview:large, max-video-preview:-1\" \/>\n<link rel=\"canonical\" href=\"https:\/\/www.alphatax.ch\/sv\/tjaenster\/\" \/>\n<meta property=\"og:locale\" content=\"sv_SE\" \/>\n<meta property=\"og:type\" content=\"article\" \/>\n<meta property=\"og:title\" content=\"Tj\u00e4nster - AlphaTax CH\" \/>\n<meta property=\"og:description\" content=\"Uppt\u00e4ck v\u00e5ra tj\u00e4nster: skatte\u00e5terb\u00e4ring, l\u00f6sningar f\u00f6r k\u00e4llskatt och regulatorisk rapportering.\" \/>\n<meta property=\"og:url\" content=\"https:\/\/www.alphatax.ch\/sv\/tjaenster\/\" \/>\n<meta property=\"og:site_name\" content=\"AlphaTax CH\" \/>\n<meta property=\"article:modified_time\" content=\"2025-01-07T09:10:55+00:00\" \/>\n<meta name=\"twitter:card\" content=\"summary_large_image\" \/>\n<meta name=\"twitter:label1\" content=\"Ber\u00e4knad l\u00e4stid\" \/>\n\t<meta name=\"twitter:data1\" content=\"3 minuter\" \/>\n<script type=\"application\/ld+json\" class=\"yoast-schema-graph\">{\"@context\":\"https:\\\/\\\/schema.org\",\"@graph\":[{\"@type\":\"WebPage\",\"@id\":\"https:\\\/\\\/www.alphatax.ch\\\/sv\\\/tjaenster\\\/\",\"url\":\"https:\\\/\\\/www.alphatax.ch\\\/sv\\\/tjaenster\\\/\",\"name\":\"Tj\u00e4nster - AlphaTax CH\",\"isPartOf\":{\"@id\":\"https:\\\/\\\/www.alphatax.ch\\\/sv\\\/#website\"},\"datePublished\":\"2024-12-09T13:53:00+00:00\",\"dateModified\":\"2025-01-07T09:10:55+00:00\",\"description\":\"Uppt\u00e4ck v\u00e5ra tj\u00e4nster: skatte\u00e5terb\u00e4ring, l\u00f6sningar f\u00f6r k\u00e4llskatt och regulatorisk rapportering.\",\"breadcrumb\":{\"@id\":\"https:\\\/\\\/www.alphatax.ch\\\/sv\\\/tjaenster\\\/#breadcrumb\"},\"inLanguage\":\"sv-SE\",\"potentialAction\":[{\"@type\":\"ReadAction\",\"target\":[\"https:\\\/\\\/www.alphatax.ch\\\/sv\\\/tjaenster\\\/\"]}]},{\"@type\":\"BreadcrumbList\",\"@id\":\"https:\\\/\\\/www.alphatax.ch\\\/sv\\\/tjaenster\\\/#breadcrumb\",\"itemListElement\":[{\"@type\":\"ListItem\",\"position\":1,\"name\":\"Startseite\",\"item\":\"https:\\\/\\\/www.alphatax.ch\\\/sv\\\/\"},{\"@type\":\"ListItem\",\"position\":2,\"name\":\"Tj\u00e4nster\"}]},{\"@type\":\"WebSite\",\"@id\":\"https:\\\/\\\/www.alphatax.ch\\\/sv\\\/#website\",\"url\":\"https:\\\/\\\/www.alphatax.ch\\\/sv\\\/\",\"name\":\"AlphaTax CH\",\"description\":\"\",\"potentialAction\":[{\"@type\":\"SearchAction\",\"target\":{\"@type\":\"EntryPoint\",\"urlTemplate\":\"https:\\\/\\\/www.alphatax.ch\\\/sv\\\/?s={search_term_string}\"},\"query-input\":{\"@type\":\"PropertyValueSpecification\",\"valueRequired\":true,\"valueName\":\"search_term_string\"}}],\"inLanguage\":\"sv-SE\"}]}<\/script>\n<!-- \/ Yoast SEO plugin. -->","yoast_head_json":{"title":"Tj\u00e4nster - AlphaTax CH","description":"Uppt\u00e4ck v\u00e5ra tj\u00e4nster: skatte\u00e5terb\u00e4ring, l\u00f6sningar f\u00f6r k\u00e4llskatt och regulatorisk rapportering.","robots":{"index":"index","follow":"follow","max-snippet":"max-snippet:-1","max-image-preview":"max-image-preview:large","max-video-preview":"max-video-preview:-1"},"canonical":"https:\/\/www.alphatax.ch\/sv\/tjaenster\/","og_locale":"sv_SE","og_type":"article","og_title":"Tj\u00e4nster - AlphaTax CH","og_description":"Uppt\u00e4ck v\u00e5ra tj\u00e4nster: skatte\u00e5terb\u00e4ring, l\u00f6sningar f\u00f6r k\u00e4llskatt och regulatorisk rapportering.","og_url":"https:\/\/www.alphatax.ch\/sv\/tjaenster\/","og_site_name":"AlphaTax CH","article_modified_time":"2025-01-07T09:10:55+00:00","twitter_card":"summary_large_image","twitter_misc":{"Ber\u00e4knad l\u00e4stid":"3 minuter"},"schema":{"@context":"https:\/\/schema.org","@graph":[{"@type":"WebPage","@id":"https:\/\/www.alphatax.ch\/sv\/tjaenster\/","url":"https:\/\/www.alphatax.ch\/sv\/tjaenster\/","name":"Tj\u00e4nster - AlphaTax CH","isPartOf":{"@id":"https:\/\/www.alphatax.ch\/sv\/#website"},"datePublished":"2024-12-09T13:53:00+00:00","dateModified":"2025-01-07T09:10:55+00:00","description":"Uppt\u00e4ck v\u00e5ra tj\u00e4nster: skatte\u00e5terb\u00e4ring, l\u00f6sningar f\u00f6r k\u00e4llskatt och regulatorisk rapportering.","breadcrumb":{"@id":"https:\/\/www.alphatax.ch\/sv\/tjaenster\/#breadcrumb"},"inLanguage":"sv-SE","potentialAction":[{"@type":"ReadAction","target":["https:\/\/www.alphatax.ch\/sv\/tjaenster\/"]}]},{"@type":"BreadcrumbList","@id":"https:\/\/www.alphatax.ch\/sv\/tjaenster\/#breadcrumb","itemListElement":[{"@type":"ListItem","position":1,"name":"Startseite","item":"https:\/\/www.alphatax.ch\/sv\/"},{"@type":"ListItem","position":2,"name":"Tj\u00e4nster"}]},{"@type":"WebSite","@id":"https:\/\/www.alphatax.ch\/sv\/#website","url":"https:\/\/www.alphatax.ch\/sv\/","name":"AlphaTax CH","description":"","potentialAction":[{"@type":"SearchAction","target":{"@type":"EntryPoint","urlTemplate":"https:\/\/www.alphatax.ch\/sv\/?s={search_term_string}"},"query-input":{"@type":"PropertyValueSpecification","valueRequired":true,"valueName":"search_term_string"}}],"inLanguage":"sv-SE"}]}},"_links":{"self":[{"href":"https:\/\/www.alphatax.ch\/sv\/wp-json\/wp\/v2\/pages\/493","targetHints":{"allow":["GET"]}}],"collection":[{"href":"https:\/\/www.alphatax.ch\/sv\/wp-json\/wp\/v2\/pages"}],"about":[{"href":"https:\/\/www.alphatax.ch\/sv\/wp-json\/wp\/v2\/types\/page"}],"author":[{"embeddable":true,"href":"https:\/\/www.alphatax.ch\/sv\/wp-json\/wp\/v2\/users\/3"}],"replies":[{"embeddable":true,"href":"https:\/\/www.alphatax.ch\/sv\/wp-json\/wp\/v2\/comments?post=493"}],"version-history":[{"count":2,"href":"https:\/\/www.alphatax.ch\/sv\/wp-json\/wp\/v2\/pages\/493\/revisions"}],"predecessor-version":[{"id":859,"href":"https:\/\/www.alphatax.ch\/sv\/wp-json\/wp\/v2\/pages\/493\/revisions\/859"}],"wp:attachment":[{"href":"https:\/\/www.alphatax.ch\/sv\/wp-json\/wp\/v2\/media?parent=493"}],"wp:term":[{"taxonomy":"category","embeddable":true,"href":"https:\/\/www.alphatax.ch\/sv\/wp-json\/wp\/v2\/categories?post=493"},{"taxonomy":"post_tag","embeddable":true,"href":"https:\/\/www.alphatax.ch\/sv\/wp-json\/wp\/v2\/tags?post=493"}],"curies":[{"name":"wp","href":"https:\/\/api.w.org\/{rel}","templated":true}]}}