{"id":507,"date":"2024-12-15T00:09:03","date_gmt":"2024-12-14T23:09:03","guid":{"rendered":"https:\/\/www.alphatax.ch\/?page_id=507"},"modified":"2024-12-19T15:33:48","modified_gmt":"2024-12-19T14:33:48","slug":"success-story-openbank","status":"publish","type":"page","link":"https:\/\/www.alphatax.ch\/sv\/success-story-openbank\/","title":{"rendered":"Success Story: Openbank"},"content":{"rendered":"","protected":false},"excerpt":{"rendered":"","protected":false},"author":3,"featured_media":0,"parent":0,"menu_order":206,"comment_status":"closed","ping_status":"closed","template":"","meta":{"footnotes":""},"categories":[],"tags":[],"class_list":["post-507","page","type-page","status-publish","hentry"],"yoast_head":"<!-- This site is optimized with the Yoast SEO plugin v27.4 - https:\/\/yoast.com\/product\/yoast-seo-wordpress\/ -->\n<title>Success Story: Openbank - AlphaTax CH<\/title>\n<meta name=\"description\" content=\"Uppt\u00e4ck hur AlphaTax framg\u00e5ngsrikt st\u00f6der Openbank med exakt och tillf\u00f6rlitlig skatterapportering.\" \/>\n<meta name=\"robots\" content=\"index, follow, max-snippet:-1, max-image-preview:large, max-video-preview:-1\" \/>\n<link rel=\"canonical\" href=\"https:\/\/www.alphatax.ch\/sv\/success-story-openbank\/\" \/>\n<meta property=\"og:locale\" content=\"sv_SE\" \/>\n<meta property=\"og:type\" content=\"article\" \/>\n<meta property=\"og:title\" content=\"Success Story: Openbank - AlphaTax CH\" \/>\n<meta property=\"og:description\" content=\"Uppt\u00e4ck hur AlphaTax framg\u00e5ngsrikt st\u00f6der Openbank med exakt och tillf\u00f6rlitlig skatterapportering.\" \/>\n<meta property=\"og:url\" content=\"https:\/\/www.alphatax.ch\/sv\/success-story-openbank\/\" \/>\n<meta property=\"og:site_name\" content=\"AlphaTax CH\" \/>\n<meta property=\"article:modified_time\" content=\"2024-12-19T14:33:48+00:00\" \/>\n<meta name=\"twitter:card\" content=\"summary_large_image\" \/>\n<meta name=\"twitter:label1\" content=\"Ber\u00e4knad l\u00e4stid\" \/>\n\t<meta name=\"twitter:data1\" content=\"3 minuter\" \/>\n<script type=\"application\/ld+json\" class=\"yoast-schema-graph\">{\"@context\":\"https:\\\/\\\/schema.org\",\"@graph\":[{\"@type\":\"WebPage\",\"@id\":\"https:\\\/\\\/www.alphatax.ch\\\/sv\\\/success-story-openbank\\\/\",\"url\":\"https:\\\/\\\/www.alphatax.ch\\\/sv\\\/success-story-openbank\\\/\",\"name\":\"Success Story: Openbank - AlphaTax CH\",\"isPartOf\":{\"@id\":\"https:\\\/\\\/www.alphatax.ch\\\/sv\\\/#website\"},\"datePublished\":\"2024-12-14T23:09:03+00:00\",\"dateModified\":\"2024-12-19T14:33:48+00:00\",\"description\":\"Uppt\u00e4ck hur AlphaTax framg\u00e5ngsrikt st\u00f6der Openbank med exakt och tillf\u00f6rlitlig skatterapportering.\",\"breadcrumb\":{\"@id\":\"https:\\\/\\\/www.alphatax.ch\\\/sv\\\/success-story-openbank\\\/#breadcrumb\"},\"inLanguage\":\"sv-SE\",\"potentialAction\":[{\"@type\":\"ReadAction\",\"target\":[\"https:\\\/\\\/www.alphatax.ch\\\/sv\\\/success-story-openbank\\\/\"]}]},{\"@type\":\"BreadcrumbList\",\"@id\":\"https:\\\/\\\/www.alphatax.ch\\\/sv\\\/success-story-openbank\\\/#breadcrumb\",\"itemListElement\":[{\"@type\":\"ListItem\",\"position\":1,\"name\":\"Startseite\",\"item\":\"https:\\\/\\\/www.alphatax.ch\\\/sv\\\/\"},{\"@type\":\"ListItem\",\"position\":2,\"name\":\"Success Story: Openbank\"}]},{\"@type\":\"WebSite\",\"@id\":\"https:\\\/\\\/www.alphatax.ch\\\/sv\\\/#website\",\"url\":\"https:\\\/\\\/www.alphatax.ch\\\/sv\\\/\",\"name\":\"AlphaTax CH\",\"description\":\"\",\"potentialAction\":[{\"@type\":\"SearchAction\",\"target\":{\"@type\":\"EntryPoint\",\"urlTemplate\":\"https:\\\/\\\/www.alphatax.ch\\\/sv\\\/?s={search_term_string}\"},\"query-input\":{\"@type\":\"PropertyValueSpecification\",\"valueRequired\":true,\"valueName\":\"search_term_string\"}}],\"inLanguage\":\"sv-SE\"}]}<\/script>\n<!-- \/ Yoast SEO plugin. -->","yoast_head_json":{"title":"Success Story: Openbank - AlphaTax CH","description":"Uppt\u00e4ck hur AlphaTax framg\u00e5ngsrikt st\u00f6der Openbank med exakt och tillf\u00f6rlitlig skatterapportering.","robots":{"index":"index","follow":"follow","max-snippet":"max-snippet:-1","max-image-preview":"max-image-preview:large","max-video-preview":"max-video-preview:-1"},"canonical":"https:\/\/www.alphatax.ch\/sv\/success-story-openbank\/","og_locale":"sv_SE","og_type":"article","og_title":"Success Story: Openbank - AlphaTax CH","og_description":"Uppt\u00e4ck hur AlphaTax framg\u00e5ngsrikt st\u00f6der Openbank med exakt och tillf\u00f6rlitlig skatterapportering.","og_url":"https:\/\/www.alphatax.ch\/sv\/success-story-openbank\/","og_site_name":"AlphaTax CH","article_modified_time":"2024-12-19T14:33:48+00:00","twitter_card":"summary_large_image","twitter_misc":{"Ber\u00e4knad l\u00e4stid":"3 minuter"},"schema":{"@context":"https:\/\/schema.org","@graph":[{"@type":"WebPage","@id":"https:\/\/www.alphatax.ch\/sv\/success-story-openbank\/","url":"https:\/\/www.alphatax.ch\/sv\/success-story-openbank\/","name":"Success Story: Openbank - AlphaTax CH","isPartOf":{"@id":"https:\/\/www.alphatax.ch\/sv\/#website"},"datePublished":"2024-12-14T23:09:03+00:00","dateModified":"2024-12-19T14:33:48+00:00","description":"Uppt\u00e4ck hur AlphaTax framg\u00e5ngsrikt st\u00f6der Openbank med exakt och tillf\u00f6rlitlig skatterapportering.","breadcrumb":{"@id":"https:\/\/www.alphatax.ch\/sv\/success-story-openbank\/#breadcrumb"},"inLanguage":"sv-SE","potentialAction":[{"@type":"ReadAction","target":["https:\/\/www.alphatax.ch\/sv\/success-story-openbank\/"]}]},{"@type":"BreadcrumbList","@id":"https:\/\/www.alphatax.ch\/sv\/success-story-openbank\/#breadcrumb","itemListElement":[{"@type":"ListItem","position":1,"name":"Startseite","item":"https:\/\/www.alphatax.ch\/sv\/"},{"@type":"ListItem","position":2,"name":"Success Story: Openbank"}]},{"@type":"WebSite","@id":"https:\/\/www.alphatax.ch\/sv\/#website","url":"https:\/\/www.alphatax.ch\/sv\/","name":"AlphaTax CH","description":"","potentialAction":[{"@type":"SearchAction","target":{"@type":"EntryPoint","urlTemplate":"https:\/\/www.alphatax.ch\/sv\/?s={search_term_string}"},"query-input":{"@type":"PropertyValueSpecification","valueRequired":true,"valueName":"search_term_string"}}],"inLanguage":"sv-SE"}]}},"_links":{"self":[{"href":"https:\/\/www.alphatax.ch\/sv\/wp-json\/wp\/v2\/pages\/507","targetHints":{"allow":["GET"]}}],"collection":[{"href":"https:\/\/www.alphatax.ch\/sv\/wp-json\/wp\/v2\/pages"}],"about":[{"href":"https:\/\/www.alphatax.ch\/sv\/wp-json\/wp\/v2\/types\/page"}],"author":[{"embeddable":true,"href":"https:\/\/www.alphatax.ch\/sv\/wp-json\/wp\/v2\/users\/3"}],"replies":[{"embeddable":true,"href":"https:\/\/www.alphatax.ch\/sv\/wp-json\/wp\/v2\/comments?post=507"}],"version-history":[{"count":1,"href":"https:\/\/www.alphatax.ch\/sv\/wp-json\/wp\/v2\/pages\/507\/revisions"}],"predecessor-version":[{"id":525,"href":"https:\/\/www.alphatax.ch\/sv\/wp-json\/wp\/v2\/pages\/507\/revisions\/525"}],"wp:attachment":[{"href":"https:\/\/www.alphatax.ch\/sv\/wp-json\/wp\/v2\/media?parent=507"}],"wp:term":[{"taxonomy":"category","embeddable":true,"href":"https:\/\/www.alphatax.ch\/sv\/wp-json\/wp\/v2\/categories?post=507"},{"taxonomy":"post_tag","embeddable":true,"href":"https:\/\/www.alphatax.ch\/sv\/wp-json\/wp\/v2\/tags?post=507"}],"curies":[{"name":"wp","href":"https:\/\/api.w.org\/{rel}","templated":true}]}}